{"id":1734,"date":"2020-02-06T16:04:10","date_gmt":"2020-02-06T15:04:10","guid":{"rendered":"https:\/\/www.thematchmadrid.com\/madrid\/"},"modified":"2020-03-16T23:55:39","modified_gmt":"2020-03-16T22:55:39","slug":"madrid","status":"publish","type":"page","link":"https:\/\/www.thematchmadrid.com\/en\/madrid\/","title":{"rendered":"Madrid"},"content":{"rendered":"<div class=\"wpb-content-wrapper\"><p>[vc_row el_id=&#8221;hostal&#8221;][vc_column]<div class=\"arrowpress-container container-fluid bigger-container \"><div class=\"ult-spacer spacer-69ea391bf192d\" data-id=\"69ea391bf192d\" data-height=\"76\" data-height-mobile=\"50\" data-height-tab=\"\" data-height-tab-portrait=\"\" data-height-mobile-landscape=\"50\" style=\"clear:both;display:block;\"><\/div><div class=\"ult-animation  ult-animate-viewport  ult-no-mobile \" data-animate=\"fadeInUp\" data-animation-delay=\"0.3\" data-animation-duration=\"1\" data-animation-iteration=\"1\" style=\"opacity:0;\" data-opacity_start_effect=\"100\"><div id=\"ultimate-heading-994069ea391bf1bab\" class=\"uvc-heading ult-adjust-bottom-margin ultimate-heading-994069ea391bf1bab uvc-1073 set_max_width\" data-hspacer=\"icon_only\"  data-halign=\"center\" style=\"text-align:center\"><div class=\"uvc-heading-spacer icon_only\" style=\"top\"><div class=\"ult-just-icon-wrapper  \"><div class=\"align-icon\" style=\"text-align:center;\">\n<div class=\"aio-icon-img \" style=\"font-size:100px;display:inline-block;\" >\n\t<img decoding=\"async\" class=\"img-icon\" alt=\"null\" src=\"https:\/\/www.thematchmadrid.com\/wp-content\/uploads\/2019\/05\/LOGO-TM-negro-footer.png\"\/>\n<\/div><\/div><\/div><\/div><div class=\"uvc-main-heading ult-responsive\"  data-ultimate-target='.uvc-heading.ultimate-heading-994069ea391bf1bab h2'  data-responsive-json-new='{\"font-size\":\"desktop:25px;\",\"line-height\":\"\"}' ><h2 style=\"font-family:&#039;Poppins&#039;;font-weight:600;color:#3d3935;margin-top:11px;margin-bottom:6px;\">The central district of Chamber\u00ed<\/h2><\/div><div class=\"uvc-sub-heading ult-responsive\"  data-ultimate-target='.uvc-heading.ultimate-heading-994069ea391bf1bab .uvc-sub-heading '  data-responsive-json-new='{\"font-size\":\"\",\"line-height\":\"\"}'  style=\"font-family:&#039;Poppins&#039;;font-weight:normal;color:#9c9c9c;margin-bottom:30px;\"><strong>The Match Madrid<\/strong> is located in the central district of Chamber\u00ed, the most traditional district of Madrid, a cosmopolitan focus of culture, gastronomy and leisure, which has managed to maintain an irresistible balance between tradition and modernity, making it one of the most attractive and avant-garde areas of Madrid.<\/div><\/div><\/div><\/div>\n<div class=\"ult-spacer spacer-69ea391bf1bf1\" data-id=\"69ea391bf1bf1\" data-height=\"100\" data-height-mobile=\"40\" data-height-tab=\"110\" data-height-tab-portrait=\"110\" data-height-mobile-landscape=\"40\" style=\"clear:both;display:block;\"><\/div>[\/vc_column][\/vc_row][vc_row equal_height=&#8221;yes&#8221; bg_type=&#8221;bg_color&#8221; bg_color_value=&#8221;#f5f5f5&#8243;][vc_column overlay=&#8221;yes&#8221; center_element=&#8221;yes&#8221; width=&#8221;5\/12&#8243; css=&#8221;.vc_custom_1572000829329{background-image: url(https:\/\/www.thematchmadrid.com\/wp-content\/uploads\/2019\/10\/the-match-madrid-hostal-2.jpg?id=1481) !important;background-position: center !important;background-repeat: no-repeat !important;background-size: cover !important;}&#8221; offset=&#8221;vc_col-lg-6 vc_col-md-6&#8243;]<div class=\"ult-spacer spacer-69ea391bf1c02\" data-id=\"69ea391bf1c02\" data-height=\"42\" data-height-mobile=\"35\" data-height-tab=\"\" data-height-tab-portrait=\"\" data-height-mobile-landscape=\"30\" style=\"clear:both;display:block;\"><\/div><div class=\"ult-animation  ult-animate-viewport  ult-no-mobile \" data-animate=\"bounceIn\" data-animation-delay=\"0.3\" data-animation-duration=\"1\" data-animation-iteration=\"1\" style=\"opacity:0;\" data-opacity_start_effect=\"100\"><div id=\"ultimate-heading-780269ea391bf1c3c\" class=\"uvc-heading ult-adjust-bottom-margin ultimate-heading-780269ea391bf1c3c uvc-4904 set_max_width\" data-hspacer=\"no_spacer\"  data-halign=\"center\" style=\"text-align:center\"><div class=\"uvc-heading-spacer no_spacer\" style=\"top\"><\/div><div class=\"uvc-main-heading ult-responsive\"  data-ultimate-target='.uvc-heading.ultimate-heading-780269ea391bf1c3c h2'  data-responsive-json-new='{\"font-size\":\"desktop:25px;\",\"line-height\":\"\"}' ><h2 style=\"font-family:&#039;Poppins&#039;;font-weight:600;color:#ffffff;\">The Match Madrid<\/h2><\/div><\/div><\/div><div class=\"ult-spacer spacer-69ea391bf1c58\" data-id=\"69ea391bf1c58\" data-height=\"56\" data-height-mobile=\"40\" data-height-tab=\"\" data-height-tab-portrait=\"\" data-height-mobile-landscape=\"30\" style=\"clear:both;display:block;\"><\/div>[\/vc_column][vc_column width=&#8221;7\/12&#8243; el_class=&#8221;no-gutter&#8221; offset=&#8221;vc_col-lg-6 vc_col-md-6&#8243; css=&#8221;.vc_custom_1567684432580{background-color: #f5f5f5 !important;}&#8221;][vc_row_inner css=&#8221;.vc_custom_1567684226480{margin-top: -35px !important;}&#8221;][vc_column_inner offset=&#8221;vc_col-lg-6 vc_col-md-12&#8243;]<div class=\"banner-container \" id=\"arp_banner-1515167173\"> \n\t<div class=\"banner-content banner-type-2 \n\t\tb_without_image \n\t\t\t\ttext-left\t\t \n\t\t\" data-animation-delay=\"500\" data-animation=\"\">\n\t\t<div class=\"img-banner\">\n\t\t\t\t\t<\/div>\n\t\t<div class=\"banner-desc \" >\n\t\t\t\t\t\t\t<h5 >Best price guarantee<\/h5>\n\t\t\t\t\t\t\n\t\t\t\t\t\t\t<h2 >Best Price Online<\/h2>\n\t\t\t\t\t\n\t\t\t<p>On our website you will always find the best price for our rooms.<\/p>\n\t\t\n\t\t\t\t\t\t\t<div class=\"btn-banner\">\n\t\t\t\t\t<a href=\"\/en\/contact\/\" target=\"\" class=\"btn  btn-default\">\n\t\t\t\t\t   Contact us\t\t\t\t\t<\/a>\n\t\t\t\t<\/div>\n\t\t\t\t\t<\/div>\n\t<\/div>\n<\/div>\n[\/vc_column_inner][vc_column_inner offset=&#8221;vc_col-lg-6 vc_col-md-12&#8243;]<div class=\"banner-container \" id=\"arp_banner-3352665228\"> \n\t<div class=\"banner-content banner-type-2 \n\t\tb_without_image \n\t\t\t\ttext-left\t\t \n\t\t\" data-animation-delay=\"500\" data-animation=\"\">\n\t\t<div class=\"img-banner\">\n\t\t\t\t\t<\/div>\n\t\t<div class=\"banner-desc \" >\n\t\t\t\t\t\t\t<h5 >Direct Booking<\/h5>\n\t\t\t\t\t\t\n\t\t\t\t\t\t\t<h2 >FREE Cancellation<\/h2>\n\t\t\t\t\t\n\t\t\t<p><span>Book directly with us, free cancellation without costs.<\/span><\/p>\n\t\t\n\t\t\t\t\t\t\t<div class=\"btn-banner\">\n\t\t\t\t\t<a href=\"\/en\/book\/\" target=\"\" class=\"btn  btn-default\">\n\t\t\t\t\t   Book Online\t\t\t\t\t<\/a>\n\t\t\t\t<\/div>\n\t\t\t\t\t<\/div>\n\t<\/div>\n<\/div>\n[\/vc_column_inner][\/vc_row_inner][\/vc_column][\/vc_row][vc_row][vc_column]<div class=\"arrowpress-container container-fluid bigger-container \"><div class=\"ult-spacer spacer-69ea391bf2370\" data-id=\"69ea391bf2370\" data-height=\"76\" data-height-mobile=\"50\" data-height-tab=\"\" data-height-tab-portrait=\"\" data-height-mobile-landscape=\"50\" style=\"clear:both;display:block;\"><\/div><div class=\"ult-animation  ult-animate-viewport  ult-no-mobile \" data-animate=\"fadeInUp\" data-animation-delay=\"0.3\" data-animation-duration=\"1\" data-animation-iteration=\"1\" style=\"opacity:0;\" data-opacity_start_effect=\"100\"><div id=\"ultimate-heading-324669ea391bf242c\" class=\"uvc-heading ult-adjust-bottom-margin ultimate-heading-324669ea391bf242c uvc-452 set_max_width\" data-hspacer=\"icon_only\"  data-halign=\"center\" style=\"text-align:center\"><div class=\"uvc-heading-spacer icon_only\" style=\"top\"><div class=\"ult-just-icon-wrapper  \"><div class=\"align-icon\" style=\"text-align:center;\">\n<div class=\"aio-icon-img \" style=\"font-size:100px;display:inline-block;\" >\n\t<img decoding=\"async\" class=\"img-icon\" alt=\"null\" src=\"https:\/\/www.thematchmadrid.com\/wp-content\/uploads\/2019\/05\/LOGO-TM-negro-footer.png\"\/>\n<\/div><\/div><\/div><\/div><div class=\"uvc-main-heading ult-responsive\"  data-ultimate-target='.uvc-heading.ultimate-heading-324669ea391bf242c h2'  data-responsive-json-new='{\"font-size\":\"desktop:25px;\",\"line-height\":\"\"}' ><h2 style=\"font-family:&#039;Poppins&#039;;font-weight:600;color:#3d3935;margin-top:11px;margin-bottom:6px;\">Wide gastronomic and cultural offer<\/h2><\/div><div class=\"uvc-sub-heading ult-responsive\"  data-ultimate-target='.uvc-heading.ultimate-heading-324669ea391bf242c .uvc-sub-heading '  data-responsive-json-new='{\"font-size\":\"\",\"line-height\":\"\"}'  style=\"font-family:&#039;Poppins&#039;;font-weight:normal;color:#9c9c9c;margin-bottom:30px;\"><strong>Chamber\u00ed<\/strong> is the site of cultural centres such as the Teatro de la Abad\u00eda, the Teatros del Canal, the Joaqu\u00edn Sorolla Museum, the Pallafox cinemas, and And\u00e9n cero, the underground museum of the Madrid Metro. And, of course, a wide range of gastronomic options, from avant-garde restaurants where you can experience the most experimental cuisine to classic taverns where you can enjoy the best canes accompanied by succulent and traditional tapas.<\/div><\/div><\/div><\/div>\n<div class=\"ult-spacer spacer-69ea391bf246a\" data-id=\"69ea391bf246a\" data-height=\"100\" data-height-mobile=\"40\" data-height-tab=\"110\" data-height-tab-portrait=\"110\" data-height-mobile-landscape=\"40\" style=\"clear:both;display:block;\"><\/div>[\/vc_column][\/vc_row][vc_row equal_height=&#8221;yes&#8221; bg_type=&#8221;bg_color&#8221; bg_color_value=&#8221;#3d3935&#8243;][vc_column overlay=&#8221;yes&#8221; center_element=&#8221;yes&#8221; width=&#8221;5\/12&#8243; css=&#8221;.vc_custom_1567683562508{padding-top: 200px !important;padding-bottom: 200px !important;background-image: url(https:\/\/www.thematchmadrid.com\/wp-content\/uploads\/2019\/09\/bernabeu-the-match-madrid-hostel.jpg?id=1279) !important;background-position: center !important;background-repeat: no-repeat !important;background-size: cover !important;}&#8221; offset=&#8221;vc_col-lg-6 vc_col-md-6&#8243;][\/vc_column][vc_column width=&#8221;7\/12&#8243; el_class=&#8221;no-gutter&#8221; offset=&#8221;vc_col-lg-6 vc_col-md-6&#8243; css=&#8221;.vc_custom_1567683586262{padding-top: 200px !important;padding-bottom: 200px !important;background-image: url(https:\/\/www.thematchmadrid.com\/wp-content\/uploads\/2019\/09\/chamberi-the-match-madrid.jpg?id=1280) !important;background-position: center !important;background-repeat: no-repeat !important;background-size: cover !important;}&#8221;][\/vc_column][\/vc_row][vc_row][vc_column]<div class=\"arrowpress-container container-fluid bigger-container \"><div class=\"ult-spacer spacer-69ea391bf24b8\" data-id=\"69ea391bf24b8\" data-height=\"76\" data-height-mobile=\"50\" data-height-tab=\"\" data-height-tab-portrait=\"\" data-height-mobile-landscape=\"50\" style=\"clear:both;display:block;\"><\/div><div class=\"ult-animation  ult-animate-viewport  ult-no-mobile \" data-animate=\"fadeInUp\" data-animation-delay=\"0.3\" data-animation-duration=\"1\" data-animation-iteration=\"1\" style=\"opacity:0;\" data-opacity_start_effect=\"100\"><div id=\"ultimate-heading-693469ea391bf255f\" class=\"uvc-heading ult-adjust-bottom-margin ultimate-heading-693469ea391bf255f uvc-5486 set_max_width\" data-hspacer=\"icon_only\"  data-halign=\"center\" style=\"text-align:center\"><div class=\"uvc-heading-spacer icon_only\" style=\"top\"><div class=\"ult-just-icon-wrapper  \"><div class=\"align-icon\" style=\"text-align:center;\">\n<div class=\"aio-icon-img \" style=\"font-size:100px;display:inline-block;\" >\n\t<img decoding=\"async\" class=\"img-icon\" alt=\"null\" src=\"https:\/\/www.thematchmadrid.com\/wp-content\/uploads\/2019\/05\/LOGO-TM-negro-footer.png\"\/>\n<\/div><\/div><\/div><\/div><div class=\"uvc-main-heading ult-responsive\"  data-ultimate-target='.uvc-heading.ultimate-heading-693469ea391bf255f h2'  data-responsive-json-new='{\"font-size\":\"desktop:25px;\",\"line-height\":\"\"}' ><h2 style=\"font-family:&#039;Poppins&#039;;font-weight:600;color:#3d3935;margin-top:11px;margin-bottom:6px;\">Unbeatable access to communications with all of Madrid<\/h2><\/div><div class=\"uvc-sub-heading ult-responsive\"  data-ultimate-target='.uvc-heading.ultimate-heading-693469ea391bf255f .uvc-sub-heading '  data-responsive-json-new='{\"font-size\":\"\",\"line-height\":\"\"}'  style=\"font-family:&#039;Poppins&#039;;font-weight:normal;color:#9c9c9c;margin-bottom:30px;\">In addition, our central location offers us unbeatable access to communications with all of Madrid, with metro <strong>connections and proximity to Madrid-Barajas airport<\/strong> and<strong> Puerta del Sol<\/strong>. We are located very close to the <strong>Santiago Bernab\u00e9u Stadium<\/strong> and the<strong> Paseo de la Castellana.<\/strong><\/div><\/div><\/div><\/div>\n<div class=\"ult-spacer spacer-69ea391bf2587\" data-id=\"69ea391bf2587\" data-height=\"100\" data-height-mobile=\"40\" data-height-tab=\"110\" data-height-tab-portrait=\"110\" data-height-mobile-landscape=\"40\" style=\"clear:both;display:block;\"><\/div>[\/vc_column][\/vc_row][vc_row el_class=&#8221;no-gutter&#8221; css=&#8221;.vc_custom_1558349832539{margin-bottom: 0px !important;border-bottom-width: 0px !important;padding-bottom: 0px !important;}&#8221;][vc_column css=&#8221;.vc_custom_1558349828436{margin-bottom: 0px !important;border-bottom-width: 0px !important;padding-bottom: 0px !important;}&#8221;][vc_raw_html css=&#8221;.vc_custom_1558349820318{margin-bottom: 0px !important;border-bottom-width: 0px !important;padding-bottom: 0px !important;}&#8221;]PGlmcmFtZSB3aWR0aD0iMTAwJSIgaGVpZ2h0PSI2NTBweCIgc3R5bGU9ImJvcmRlcjogMDsiIHNyYz0iaHR0cHM6Ly93d3cuZ29vZ2xlLmNvbS9tYXBzL2VtYmVkP3BiPSExbTE4ITFtMTIhMW0zITFkNjgyLjAyNzg1OTMxNjA0MDEhMmQtMy42OTczOTcwNTE2MDM1NDQ2ITNkNDAuNDQyNjEyMzg3ODAzMzYhMm0zITFmMCEyZjAhM2YwITNtMiExaTEwMjQhMmk3NjghNGYxMy4xITNtMyExbTIhMXMweGQ0MjI4ZjBiODE4YTM5MSUzQTB4MWNlZDRlZmNhZGJmYWIzMCEyc0NhbGxlK2RlK0Fsb25zbytDYW5vJTJDKzYwJTJDKzI4MDAzK01hZHJpZCE1ZTEhM20yITFzZXMhMnNlcyE0djE1NTgwOTMxODg5OTghNW0yITFzZXMhMnNlcyIgZnJhbWVib3JkZXI9IjAiIGFsbG93ZnVsbHNjcmVlbj0iYWxsb3dmdWxsc2NyZWVuIj48L2lmcmFtZT4=[\/vc_raw_html][\/vc_column][\/vc_row]<\/p>\n<\/div>","protected":false},"excerpt":{"rendered":"<p>[vc_row el_id=&#8221;hostal&#8221;][vc_column][\/vc_column][\/vc_row][vc_row equal_height=&#8221;yes&#8221; bg_type=&#8221;bg_color&#8221; bg_color_value=&#8221;#f5f5f5&#8243;][vc_column overlay=&#8221;yes&#8221; center_element=&#8221;yes&#8221; width=&#8221;5\/12&#8243; css=&#8221;.vc_custom_1572000829329{background-image: url(https:\/\/www.thematchmadrid.com\/wp-content\/uploads\/2019\/10\/the-match-madrid-hostal-2.jpg?id=1481) !important;background-position: center !important;background-repeat: no-repeat !important;background-size: cover !important;}&#8221; offset=&#8221;vc_col-lg-6 vc_col-md-6&#8243;][\/vc_column][vc_column width=&#8221;7\/12&#8243; el_class=&#8221;no-gutter&#8221; offset=&#8221;vc_col-lg-6 vc_col-md-6&#8243; css=&#8221;.vc_custom_1567684432580{background-color: #f5f5f5 !important;}&#8221;][vc_row_inner css=&#8221;.vc_custom_1567684226480{margin-top: -35px !important;}&#8221;][vc_column_inner offset=&#8221;vc_col-lg-6 vc_col-md-12&#8243;][\/vc_column_inner][vc_column_inner offset=&#8221;vc_col-lg-6 vc_col-md-12&#8243;][\/vc_column_inner][\/vc_row_inner][\/vc_column][\/vc_row][vc_row][vc_column][\/vc_column][\/vc_row][vc_row equal_height=&#8221;yes&#8221; bg_type=&#8221;bg_color&#8221; bg_color_value=&#8221;#3d3935&#8243;][vc_column overlay=&#8221;yes&#8221; center_element=&#8221;yes&#8221; width=&#8221;5\/12&#8243; css=&#8221;.vc_custom_1567683562508{padding-top: 200px !important;padding-bottom: 200px !important;background-image: url(https:\/\/www.thematchmadrid.com\/wp-content\/uploads\/2019\/09\/bernabeu-the-match-madrid-hostel.jpg?id=1279) !important;background-position: center !important;background-repeat: no-repeat !important;background-size: [&hellip;]<\/p>\n","protected":false},"author":1,"featured_media":1608,"parent":0,"menu_order":0,"comment_status":"closed","ping_status":"closed","template":"","meta":{"footnotes":""},"class_list":["post-1734","page","type-page","status-publish","has-post-thumbnail","hentry"],"yoast_head":"<!-- This site is optimized with the Yoast SEO plugin v26.9 - https:\/\/yoast.com\/product\/yoast-seo-wordpress\/ -->\n<title>The Match Madrid | Madrid<\/title>\n<meta name=\"description\" content=\"Communications with all of Madrid, with metro connections, just a stone&#039;s throw from the Santiago Bernab\u00e9u Stadium and the Paseo de la Castellana.\" \/>\n<meta name=\"robots\" content=\"index, follow, max-snippet:-1, max-image-preview:large, max-video-preview:-1\" \/>\n<link rel=\"canonical\" href=\"https:\/\/www.thematchmadrid.com\/en\/madrid\/\" \/>\n<meta property=\"og:locale\" content=\"en_US\" \/>\n<meta property=\"og:type\" content=\"article\" \/>\n<meta property=\"og:title\" content=\"The Match Madrid | Madrid\" \/>\n<meta property=\"og:description\" content=\"Communications with all of Madrid, with metro connections, just a stone&#039;s throw from the Santiago Bernab\u00e9u Stadium and the Paseo de la Castellana.\" \/>\n<meta property=\"og:url\" content=\"https:\/\/www.thematchmadrid.com\/en\/madrid\/\" \/>\n<meta property=\"og:site_name\" content=\"The Match Madrid\" \/>\n<meta property=\"article:publisher\" content=\"https:\/\/www.facebook.com\/thematchmadrid\/\" \/>\n<meta property=\"article:modified_time\" content=\"2020-03-16T22:55:39+00:00\" \/>\n<meta property=\"og:image\" content=\"https:\/\/www.thematchmadrid.com\/wp-content\/uploads\/2019\/10\/the-match-madrid-hostal-3.jpg\" \/>\n\t<meta property=\"og:image:width\" content=\"1920\" \/>\n\t<meta property=\"og:image:height\" content=\"1282\" \/>\n\t<meta property=\"og:image:type\" content=\"image\/jpeg\" \/>\n<meta name=\"twitter:card\" content=\"summary_large_image\" \/>\n<meta name=\"twitter:label1\" content=\"Est. reading time\" \/>\n\t<meta name=\"twitter:data1\" content=\"6 minutes\" \/>\n<script type=\"application\/ld+json\" class=\"yoast-schema-graph\">{\"@context\":\"https:\/\/schema.org\",\"@graph\":[{\"@type\":\"WebPage\",\"@id\":\"https:\/\/www.thematchmadrid.com\/en\/madrid\/\",\"url\":\"https:\/\/www.thematchmadrid.com\/en\/madrid\/\",\"name\":\"The Match Madrid | Madrid\",\"isPartOf\":{\"@id\":\"https:\/\/www.thematchmadrid.com\/#website\"},\"primaryImageOfPage\":{\"@id\":\"https:\/\/www.thematchmadrid.com\/en\/madrid\/#primaryimage\"},\"image\":{\"@id\":\"https:\/\/www.thematchmadrid.com\/en\/madrid\/#primaryimage\"},\"thumbnailUrl\":\"https:\/\/www.thematchmadrid.com\/wp-content\/uploads\/2019\/10\/the-match-madrid-hostal-3.jpg\",\"datePublished\":\"2020-02-06T15:04:10+00:00\",\"dateModified\":\"2020-03-16T22:55:39+00:00\",\"description\":\"Communications with all of Madrid, with metro connections, just a stone's throw from the Santiago Bernab\u00e9u Stadium and the Paseo de la Castellana.\",\"breadcrumb\":{\"@id\":\"https:\/\/www.thematchmadrid.com\/en\/madrid\/#breadcrumb\"},\"inLanguage\":\"en-US\",\"potentialAction\":[{\"@type\":\"ReadAction\",\"target\":[\"https:\/\/www.thematchmadrid.com\/en\/madrid\/\"]}]},{\"@type\":\"ImageObject\",\"inLanguage\":\"en-US\",\"@id\":\"https:\/\/www.thematchmadrid.com\/en\/madrid\/#primaryimage\",\"url\":\"https:\/\/www.thematchmadrid.com\/wp-content\/uploads\/2019\/10\/the-match-madrid-hostal-3.jpg\",\"contentUrl\":\"https:\/\/www.thematchmadrid.com\/wp-content\/uploads\/2019\/10\/the-match-madrid-hostal-3.jpg\",\"width\":1920,\"height\":1282},{\"@type\":\"BreadcrumbList\",\"@id\":\"https:\/\/www.thematchmadrid.com\/en\/madrid\/#breadcrumb\",\"itemListElement\":[{\"@type\":\"ListItem\",\"position\":1,\"name\":\"Portada\",\"item\":\"https:\/\/www.thematchmadrid.com\/en\/\"},{\"@type\":\"ListItem\",\"position\":2,\"name\":\"Madrid\"}]},{\"@type\":\"WebSite\",\"@id\":\"https:\/\/www.thematchmadrid.com\/#website\",\"url\":\"https:\/\/www.thematchmadrid.com\/\",\"name\":\"The Match Madrid\",\"description\":\"Hostal en el centro de Madrid\",\"publisher\":{\"@id\":\"https:\/\/www.thematchmadrid.com\/#organization\"},\"potentialAction\":[{\"@type\":\"SearchAction\",\"target\":{\"@type\":\"EntryPoint\",\"urlTemplate\":\"https:\/\/www.thematchmadrid.com\/?s={search_term_string}\"},\"query-input\":{\"@type\":\"PropertyValueSpecification\",\"valueRequired\":true,\"valueName\":\"search_term_string\"}}],\"inLanguage\":\"en-US\"},{\"@type\":\"Organization\",\"@id\":\"https:\/\/www.thematchmadrid.com\/#organization\",\"name\":\"The Match Madrid\",\"url\":\"https:\/\/www.thematchmadrid.com\/\",\"logo\":{\"@type\":\"ImageObject\",\"inLanguage\":\"en-US\",\"@id\":\"https:\/\/www.thematchmadrid.com\/#\/schema\/logo\/image\/\",\"url\":\"https:\/\/www.thematchmadrid.com\/wp-content\/uploads\/2019\/05\/LOGO-TM-negro-footer.png\",\"contentUrl\":\"https:\/\/www.thematchmadrid.com\/wp-content\/uploads\/2019\/05\/LOGO-TM-negro-footer.png\",\"width\":150,\"height\":150,\"caption\":\"The Match Madrid\"},\"image\":{\"@id\":\"https:\/\/www.thematchmadrid.com\/#\/schema\/logo\/image\/\"},\"sameAs\":[\"https:\/\/www.facebook.com\/thematchmadrid\/\",\"https:\/\/www.instagram.com\/thematchmadrid\/\"]}]}<\/script>\n<!-- \/ Yoast SEO plugin. -->","yoast_head_json":{"title":"The Match Madrid | Madrid","description":"Communications with all of Madrid, with metro connections, just a stone's throw from the Santiago Bernab\u00e9u Stadium and the Paseo de la Castellana.","robots":{"index":"index","follow":"follow","max-snippet":"max-snippet:-1","max-image-preview":"max-image-preview:large","max-video-preview":"max-video-preview:-1"},"canonical":"https:\/\/www.thematchmadrid.com\/en\/madrid\/","og_locale":"en_US","og_type":"article","og_title":"The Match Madrid | Madrid","og_description":"Communications with all of Madrid, with metro connections, just a stone's throw from the Santiago Bernab\u00e9u Stadium and the Paseo de la Castellana.","og_url":"https:\/\/www.thematchmadrid.com\/en\/madrid\/","og_site_name":"The Match Madrid","article_publisher":"https:\/\/www.facebook.com\/thematchmadrid\/","article_modified_time":"2020-03-16T22:55:39+00:00","og_image":[{"width":1920,"height":1282,"url":"https:\/\/www.thematchmadrid.com\/wp-content\/uploads\/2019\/10\/the-match-madrid-hostal-3.jpg","type":"image\/jpeg"}],"twitter_card":"summary_large_image","twitter_misc":{"Est. reading time":"6 minutes"},"schema":{"@context":"https:\/\/schema.org","@graph":[{"@type":"WebPage","@id":"https:\/\/www.thematchmadrid.com\/en\/madrid\/","url":"https:\/\/www.thematchmadrid.com\/en\/madrid\/","name":"The Match Madrid | Madrid","isPartOf":{"@id":"https:\/\/www.thematchmadrid.com\/#website"},"primaryImageOfPage":{"@id":"https:\/\/www.thematchmadrid.com\/en\/madrid\/#primaryimage"},"image":{"@id":"https:\/\/www.thematchmadrid.com\/en\/madrid\/#primaryimage"},"thumbnailUrl":"https:\/\/www.thematchmadrid.com\/wp-content\/uploads\/2019\/10\/the-match-madrid-hostal-3.jpg","datePublished":"2020-02-06T15:04:10+00:00","dateModified":"2020-03-16T22:55:39+00:00","description":"Communications with all of Madrid, with metro connections, just a stone's throw from the Santiago Bernab\u00e9u Stadium and the Paseo de la Castellana.","breadcrumb":{"@id":"https:\/\/www.thematchmadrid.com\/en\/madrid\/#breadcrumb"},"inLanguage":"en-US","potentialAction":[{"@type":"ReadAction","target":["https:\/\/www.thematchmadrid.com\/en\/madrid\/"]}]},{"@type":"ImageObject","inLanguage":"en-US","@id":"https:\/\/www.thematchmadrid.com\/en\/madrid\/#primaryimage","url":"https:\/\/www.thematchmadrid.com\/wp-content\/uploads\/2019\/10\/the-match-madrid-hostal-3.jpg","contentUrl":"https:\/\/www.thematchmadrid.com\/wp-content\/uploads\/2019\/10\/the-match-madrid-hostal-3.jpg","width":1920,"height":1282},{"@type":"BreadcrumbList","@id":"https:\/\/www.thematchmadrid.com\/en\/madrid\/#breadcrumb","itemListElement":[{"@type":"ListItem","position":1,"name":"Portada","item":"https:\/\/www.thematchmadrid.com\/en\/"},{"@type":"ListItem","position":2,"name":"Madrid"}]},{"@type":"WebSite","@id":"https:\/\/www.thematchmadrid.com\/#website","url":"https:\/\/www.thematchmadrid.com\/","name":"The Match Madrid","description":"Hostal en el centro de Madrid","publisher":{"@id":"https:\/\/www.thematchmadrid.com\/#organization"},"potentialAction":[{"@type":"SearchAction","target":{"@type":"EntryPoint","urlTemplate":"https:\/\/www.thematchmadrid.com\/?s={search_term_string}"},"query-input":{"@type":"PropertyValueSpecification","valueRequired":true,"valueName":"search_term_string"}}],"inLanguage":"en-US"},{"@type":"Organization","@id":"https:\/\/www.thematchmadrid.com\/#organization","name":"The Match Madrid","url":"https:\/\/www.thematchmadrid.com\/","logo":{"@type":"ImageObject","inLanguage":"en-US","@id":"https:\/\/www.thematchmadrid.com\/#\/schema\/logo\/image\/","url":"https:\/\/www.thematchmadrid.com\/wp-content\/uploads\/2019\/05\/LOGO-TM-negro-footer.png","contentUrl":"https:\/\/www.thematchmadrid.com\/wp-content\/uploads\/2019\/05\/LOGO-TM-negro-footer.png","width":150,"height":150,"caption":"The Match Madrid"},"image":{"@id":"https:\/\/www.thematchmadrid.com\/#\/schema\/logo\/image\/"},"sameAs":["https:\/\/www.facebook.com\/thematchmadrid\/","https:\/\/www.instagram.com\/thematchmadrid\/"]}]}},"_links":{"self":[{"href":"https:\/\/www.thematchmadrid.com\/en\/wp-json\/wp\/v2\/pages\/1734","targetHints":{"allow":["GET"]}}],"collection":[{"href":"https:\/\/www.thematchmadrid.com\/en\/wp-json\/wp\/v2\/pages"}],"about":[{"href":"https:\/\/www.thematchmadrid.com\/en\/wp-json\/wp\/v2\/types\/page"}],"author":[{"embeddable":true,"href":"https:\/\/www.thematchmadrid.com\/en\/wp-json\/wp\/v2\/users\/1"}],"replies":[{"embeddable":true,"href":"https:\/\/www.thematchmadrid.com\/en\/wp-json\/wp\/v2\/comments?post=1734"}],"version-history":[{"count":8,"href":"https:\/\/www.thematchmadrid.com\/en\/wp-json\/wp\/v2\/pages\/1734\/revisions"}],"predecessor-version":[{"id":1843,"href":"https:\/\/www.thematchmadrid.com\/en\/wp-json\/wp\/v2\/pages\/1734\/revisions\/1843"}],"wp:featuredmedia":[{"embeddable":true,"href":"https:\/\/www.thematchmadrid.com\/en\/wp-json\/wp\/v2\/media\/1608"}],"wp:attachment":[{"href":"https:\/\/www.thematchmadrid.com\/en\/wp-json\/wp\/v2\/media?parent=1734"}],"curies":[{"name":"wp","href":"https:\/\/api.w.org\/{rel}","templated":true}]}}